{"id":140,"date":"2025-03-11T19:13:27","date_gmt":"2025-03-11T19:13:27","guid":{"rendered":"https:\/\/klinikschule-rek.de\/?page_id=140"},"modified":"2025-07-01T09:04:38","modified_gmt":"2025-07-01T09:04:38","slug":"impressum","status":"publish","type":"page","link":"https:\/\/klinikschule-rek.de\/index.php\/impressum\/","title":{"rendered":"Impressum"},"content":{"rendered":"\n<h5 class=\"wp-block-heading\">Anbieterkennzeichnung Klinikschule im Rhein-Erft-Kreis<\/h5>\n\n\n\n<h6 class=\"wp-block-heading\">1. Anbieter (\u00a7 6 TDG und \u00a7 6 Abs. 1 MDStV):<\/h6>\n\n\n\n<p class=\"has-small-font-size\">Rhein-Erft-Kreis<br>vertreten durch den Landrat<br>Willy-Brandt-Platz 1, 50126 Bergheim<br>EMail: <a href=\"mailto:info@rhein-erft-kreis.de\">info@rhein-erft-kreis.de<\/a><br>Telefon: 02271\/830    Telefax: 02271\/83-20000<\/p>\n\n\n\n<h6 class=\"wp-block-heading\">2. Verantwortliche f\u00fcr den Inhalt im Sinne des \u00a7 55 Abs. 2 RStV:<\/h6>\n\n\n\n<p class=\"has-small-font-size\">Schulleiterin Melanie Stirnberg<br>Zum Konraderhof 5, 50354 H\u00fcrth<br>EMail: <a href=\"mailto:100155@schule.nrw.de\">100155@schule.nrw.de<\/a><br>Telefon: 02233\/46009-00    Telefax: 02233\/4600999<\/p>\n\n\n\n<div style=\"height:22px\" aria-hidden=\"true\" class=\"wp-block-spacer\"><\/div>\n\n\n\n<h6 class=\"wp-block-heading\">Haftungsbeschr\u00e4nkung<\/h6>\n\n\n\n<p class=\"has-small-font-size\">Die Inhalte des Internetauftritts wurden mit gr\u00f6\u00dftm\u00f6glicher Sorgfalt und nach bestem Gewissen erstellt. Dennoch \u00fcbernimmt die Klinikschule im Rhein-Erft-Kreis keine Gew\u00e4hr f\u00fcr die Aktualit\u00e4t, Vollst\u00e4ndigkeit und Richtigkeit der bereitgestellten Seiten und Inhalte. Die Klinikschule des Rhein-Erft-Kreises ist als Betreiber dieser Webseite gem\u00e4\u00df \u00a7 7 Abs. 1 TMG f\u00fcr eigene Inhalte und bereitgestellte Informationen auf diesen Seiten nach den allgemeinen Gesetzen verantwortlich; nach den \u00a7\u00a7 8 bis 10 TMG jedoch nicht verpflichtet, die \u00fcbermittelten oder gespeicherten fremden Informationen zu \u00fcberwachen. Eine Entfernung oder Sperrung dieser Inhalte erfolgt umgehend ab dem Zeitpunkt der Kenntnis einer konkreten Rechtsverletzung. Eine Haftung ist erst ab dem Zeitpunkt der Kenntniserlangung m\u00f6glich.<\/p>\n\n\n\n<h6 class=\"wp-block-heading\">Internetseiten dritter Anbieter\/Links<\/h6>\n\n\n\n<p class=\"has-small-font-size\">Die Webseite enth\u00e4lt sog. \u201eexterne Links\u201c (Verlinkungen) zu anderen Webseiten, auf deren Inhalt der Anbieter der Webseite keinen Einfluss hat. Aus diesem Grund kann der Anbieter f\u00fcr diese Inhalte auch keine Gew\u00e4hr \u00fcbernehmen.<br>F\u00fcr die Inhalte und Richtigkeit der bereitgestellten Informationen ist der jeweilige Anbieter der verlinkten Webseite verantwortlich. Zum Zeitpunkt der Verlinkung waren keine Rechtsverst\u00f6\u00dfe erkennbar. Bei Bekanntwerden einer solchen Rechtsverletzung wird der Link umgehend entfernen.<\/p>\n\n\n\n<h6 class=\"wp-block-heading\">Urheberrecht\/Leistungsschutzrecht<\/h6>\n\n\n\n<p class=\"has-small-font-size\">Die auf dieser Webseite ver\u00f6ffentlichten Inhalte, Werke und bereitgestellten Informationen unterliegen dem deutschen Urheberrecht und Leistungsschutzrecht. Jede Art der Vervielf\u00e4ltigung, Bearbeitung, Verbreitung, Einspeicherung und jede Art der Verwertung au\u00dferhalb der Grenzen des Urheberrechts bedarf der vorherigen schriftlichen Zustimmung des jeweiligen Rechteinhabers. Das unerlaubte Kopieren\/Speichern der bereitgestellten Informationen auf diesen Webseiten ist nicht gestattet. Die verwendeten Grafiken und Bilder sowie die Inhalte dieser Website sind urheberrechtlich gesch\u00fctzt.<\/p>\n","protected":false},"excerpt":{"rendered":"<p>Anbieterkennzeichnung Klinikschule im Rhein-Erft-Kreis 1. Anbieter (\u00a7 6 TDG und \u00a7 6 Abs. 1 MDStV): Rhein-Erft-Kreisvertreten durch den LandratWilly-Brandt-Platz 1, 50126 BergheimEMail: info@rhein-erft-kreis.deTelefon: 02271\/830 Telefax: 02271\/83-20000 2. Verantwortliche f\u00fcr den Inhalt im Sinne des \u00a7 55 Abs. 2 RStV: Schulleiterin Melanie StirnbergZum Konraderhof 5, 50354 H\u00fcrthEMail: 100155@schule.nrw.deTelefon: 02233\/46009-00 Telefax: 02233\/4600999 Haftungsbeschr\u00e4nkung Die Inhalte des Internetauftritts [&hellip;]<\/p>\n","protected":false},"author":1,"featured_media":0,"parent":0,"menu_order":110,"comment_status":"closed","ping_status":"closed","template":"","meta":{"footnotes":""},"class_list":["post-140","page","type-page","status-publish","hentry"],"_links":{"self":[{"href":"https:\/\/klinikschule-rek.de\/index.php\/wp-json\/wp\/v2\/pages\/140","targetHints":{"allow":["GET"]}}],"collection":[{"href":"https:\/\/klinikschule-rek.de\/index.php\/wp-json\/wp\/v2\/pages"}],"about":[{"href":"https:\/\/klinikschule-rek.de\/index.php\/wp-json\/wp\/v2\/types\/page"}],"author":[{"embeddable":true,"href":"https:\/\/klinikschule-rek.de\/index.php\/wp-json\/wp\/v2\/users\/1"}],"replies":[{"embeddable":true,"href":"https:\/\/klinikschule-rek.de\/index.php\/wp-json\/wp\/v2\/comments?post=140"}],"version-history":[{"count":8,"href":"https:\/\/klinikschule-rek.de\/index.php\/wp-json\/wp\/v2\/pages\/140\/revisions"}],"predecessor-version":[{"id":472,"href":"https:\/\/klinikschule-rek.de\/index.php\/wp-json\/wp\/v2\/pages\/140\/revisions\/472"}],"wp:attachment":[{"href":"https:\/\/klinikschule-rek.de\/index.php\/wp-json\/wp\/v2\/media?parent=140"}],"curies":[{"name":"wp","href":"https:\/\/api.w.org\/{rel}","templated":true}]}}