{"id":32,"date":"2025-03-03T11:22:04","date_gmt":"2025-03-03T11:22:04","guid":{"rendered":"https:\/\/klinikschule-rek.de\/?page_id=32"},"modified":"2025-12-09T16:42:50","modified_gmt":"2025-12-09T16:42:50","slug":"informationen-zur-schule","status":"publish","type":"page","link":"https:\/\/klinikschule-rek.de\/index.php\/informationen-zur-schule\/","title":{"rendered":"Informationen zur Schule"},"content":{"rendered":"\n<p>In unserer Schule werden Kinder und Jugendliche unterrichtet, die aufgrund ihres Klinikaufenthaltes f\u00fcr mindestens vier Wochen nicht am Unterricht ihrer Heimatschule teilnehmen k\u00f6nnen. Voraussetzung f\u00fcr die Aufnahme in die Klinikschule ist, dass die Sch\u00fclerin oder der Sch\u00fcler bis dahin in einem Schulverh\u00e4ltnis steht.<\/p>\n\n\n\n<p>Allgemeine Informationen und rechtliche Rahmenbedinungen zu Klinikschulen in NRW finden Sie dar\u00fcber hinaus auf der Seite des <a href=\"https:\/\/www.schulministerium.nrw\/klinikschule\">Schulministeriums NRW<\/a>.<\/p>\n\n\n\n<p>Wenn Sie weitere Fragen haben, <a href=\"https:\/\/klinikschule-rek.de\/index.php\/kontakt\/\" data-type=\"page\" data-id=\"15\">kontaktieren Sie uns<\/a> gerne!<\/p>\n\n\n\n<p class=\"has-large-font-size\"><\/p>\n\n\n\n<div style=\"height:26px\" aria-hidden=\"true\" class=\"wp-block-spacer\"><\/div>\n\n\n\n<div class=\"wp-block-group alignfull has-background has-global-padding is-layout-constrained wp-container-core-group-is-layout-d89aad35 wp-block-group-is-layout-constrained\" style=\"background-color:#ffe9eb;margin-top:0;margin-bottom:0;padding-top:var(--wp--preset--spacing--50);padding-right:var(--wp--preset--spacing--50);padding-bottom:var(--wp--preset--spacing--50);padding-left:var(--wp--preset--spacing--50)\">\n<div class=\"wp-block-columns alignwide are-vertically-aligned-center is-layout-flex wp-container-core-columns-is-layout-47c06fe3 wp-block-columns-is-layout-flex\">\n<div class=\"wp-block-column is-vertically-aligned-center is-layout-flow wp-block-column-is-layout-flow\" style=\"flex-basis:50%\">\n<div class=\"wp-block-group alignfull has-background has-global-padding is-layout-constrained wp-block-group-is-layout-constrained\" style=\"background-color:#ffe9eb;margin-top:0;margin-bottom:0;padding-top:var(--wp--preset--spacing--20);padding-bottom:var(--wp--preset--spacing--20)\">\n<h2 class=\"wp-block-heading is-style-default\" id=\"infos_erziehungsberechtigte\">Informationen f\u00fcr Erziehungsberechtigte<\/h2>\n\n\n\n<details class=\"wp-block-details is-layout-flow wp-block-details-is-layout-flow\"><summary>Wie viele Unterrichtsstunden finden t\u00e4glich statt?<\/summary>\n<p>Im Vormittag bieten wir t\u00e4glich f\u00fcnf Unterrichtsstunden an. Wir ber\u00fccksichtigen die Therapieangebote im Vormittagsbereich, so dass Ihr Kind nicht an allen Unterrichtsthemen teilnehmen kann.<\/p>\n<\/details>\n\n\n\n<details class=\"wp-block-details is-layout-flow wp-block-details-is-layout-flow\"><summary>In welchen F\u00e4chern wird Unterricht erteilt?<\/summary>\n<p>Schwerpunktm\u00e4\u00dfig unterrichten wir die Hauptf\u00e4cher Mathematik, Deutsch und die Fremdsprachen. Erg\u00e4nzend erteilen wir Unterricht in gesellschafts- und naturwissenschaftlichen F\u00e4chern, Kunst und Sport.<\/p>\n\n\n\n<p>Dienstags nachmittags arbeiten wir mit einer Teilgruppe in AGs zu verschiedenen Themen.<\/p>\n<\/details>\n\n\n\n<details class=\"wp-block-details is-layout-flow wp-block-details-is-layout-flow\"><summary>Wird mein Kind an den Fachinhalten der Heimatschule weiterarbeiten?<\/summary>\n<p>Ja. Wir stehen im engen Austausch mit der Heimatschule und versuchen, unter Ber\u00fccksichtigung der momentanen Belastungssituation Ihres Kindes, den \u00fcberlieferten Lernstoff der Heimatschule unterrichtlich aufzugreifen und kontinuierlich fortzusetzen, damit Ihr Kind nach der R\u00fcckkehr an die jeweilige Schule m\u00f6glichst problemlos wieder einsteigen kann.<\/p>\n<\/details>\n\n\n\n<details class=\"wp-block-details is-layout-flow wp-block-details-is-layout-flow\"><summary>Wie sieht es mit Klassenarbeiten, Klausuren und zentralen Pr\u00fcfungen aus?<\/summary>\n<p>Klassenarbeiten und Klausuren k\u00f6nnen nach R\u00fccksprache mit der Heimatschule und unter Ber\u00fccksichtigung der individuellen Situation bei uns geschrieben werden.<\/p>\n\n\n\n<p>Wir bereiten auf die Zentralen Pr\u00fcfungen und Zentralen Klausuren, sowie das Zentralabitur vor und kooperieren hierbei eng mit der jeweiligen Heimatschule.<\/p>\n<\/details>\n\n\n\n<details class=\"wp-block-details is-layout-flow wp-block-details-is-layout-flow\"><summary>Ferienregelung<\/summary>\n<p>Die Schulferien der Klinikschule im Rhein-Erft-Kreis richten sich nach der Ferienregelung des Bundeslandes NRW.<\/p>\n<\/details>\n\n\n\n<details class=\"wp-block-details is-layout-flow wp-block-details-is-layout-flow\"><summary>Schullaufbahn- und Perspektivberatung<\/summary>\n<p>In Absprache mit der Heimatschule beraten wir gegebenenfalls \u00fcber die weitere Schullaufbahn.<\/p>\n\n\n\n<p>Wir bieten gegebenenfalls Unterst\u00fctzung bei einem Schulwechsel oder einer Perspektivplanung an.<\/p>\n<\/details>\n\n\n\n<details class=\"wp-block-details is-layout-flow wp-block-details-is-layout-flow\"><summary>Download: Anmeldeformular und Elternbrief<\/summary>\n<p><a href=\"https:\/\/klinikschule-rek.de\/wp-content\/uploads\/2025\/05\/Anmeldung-Eltern-Huerth-April-24.docx\" data-type=\"attachment\" data-id=\"345\">Anmeldeformular H\u00fcrth<\/a><br><a href=\"https:\/\/klinikschule-rek.de\/wp-content\/uploads\/2025\/07\/Elternbrief-Huerth-0625.pdf\" data-type=\"attachment\" data-id=\"509\">Elternbrief H\u00fcrth<\/a><br><br><a href=\"https:\/\/klinikschule-rek.de\/wp-content\/uploads\/2025\/05\/Anmeldung-Eltern-Wesseling-April-24.docx\" data-type=\"attachment\" data-id=\"346\">Anmeldeformular Wesseling<\/a><br><a href=\"https:\/\/klinikschule-rek.de\/wp-content\/uploads\/2025\/05\/Elternbrief-Wesseling.1124docx.docx\" data-type=\"attachment\" data-id=\"348\">Elternbrief Wesseling<\/a><\/p>\n<\/details>\n<\/div>\n\n\n\n<p class=\"has-text-align-center\"><a href=\"https:\/\/klinikschule-rek.de\/wp-content\/uploads\/2025\/05\/Flyer-23-09-26.docx\" data-type=\"attachment\" data-id=\"349\"><strong>Download Schulflyer<\/strong><\/a><\/p>\n<\/div>\n\n\n\n<div class=\"wp-block-column is-vertically-aligned-center is-layout-flow wp-block-column-is-layout-flow\" style=\"flex-basis:40%\">\n<figure class=\"wp-block-image size-full is-style-rounded is-style-rounded--1\"><img loading=\"lazy\" decoding=\"async\" width=\"752\" height=\"501\" src=\"https:\/\/klinikschule-rek.de\/wp-content\/uploads\/2025\/05\/DSCF0401-2.jpg\" alt=\"\" class=\"wp-image-385\" style=\"aspect-ratio:4\/3;object-fit:cover\" srcset=\"https:\/\/klinikschule-rek.de\/wp-content\/uploads\/2025\/05\/DSCF0401-2.jpg 752w, https:\/\/klinikschule-rek.de\/wp-content\/uploads\/2025\/05\/DSCF0401-2-300x200.jpg 300w\" sizes=\"auto, (max-width: 752px) 100vw, 752px\" \/><\/figure>\n<\/div>\n<\/div>\n<\/div>\n\n\n\n<div class=\"wp-block-group alignfull has-accent-5-background-color has-background has-global-padding is-layout-constrained wp-container-core-group-is-layout-d89aad35 wp-block-group-is-layout-constrained\" style=\"margin-top:0;margin-bottom:0;padding-top:var(--wp--preset--spacing--50);padding-right:var(--wp--preset--spacing--50);padding-bottom:var(--wp--preset--spacing--50);padding-left:var(--wp--preset--spacing--50)\">\n<div class=\"wp-block-columns alignwide is-layout-flex wp-container-core-columns-is-layout-1da03c2a wp-block-columns-is-layout-flex\">\n<div class=\"wp-block-column is-vertically-aligned-center is-layout-flow wp-block-column-is-layout-flow\" style=\"flex-basis:40%\">\n<figure class=\"wp-block-image size-full is-style-rounded wp-duotone-unset-3 is-style-rounded--2\"><img loading=\"lazy\" decoding=\"async\" width=\"752\" height=\"501\" src=\"https:\/\/klinikschule-rek.de\/wp-content\/uploads\/2025\/05\/DSCF0428.jpg\" alt=\"\" class=\"wp-image-383\" style=\"aspect-ratio:4\/3;object-fit:cover\" srcset=\"https:\/\/klinikschule-rek.de\/wp-content\/uploads\/2025\/05\/DSCF0428.jpg 752w, https:\/\/klinikschule-rek.de\/wp-content\/uploads\/2025\/05\/DSCF0428-300x200.jpg 300w\" sizes=\"auto, (max-width: 752px) 100vw, 752px\" \/><\/figure>\n<\/div>\n\n\n\n<div class=\"wp-block-column is-layout-flow wp-block-column-is-layout-flow\" style=\"flex-basis:60%\">\n<div class=\"wp-block-group alignfull has-background has-global-padding is-layout-constrained wp-block-group-is-layout-constrained\" style=\"background-color:#eff1ff;margin-top:0;margin-bottom:0;padding-top:var(--wp--preset--spacing--20);padding-bottom:var(--wp--preset--spacing--20)\">\n<h2 class=\"wp-block-heading is-style-default\" id=\"infos_heimatschulen\">Informationen f\u00fcr Heimatschulen<\/h2>\n\n\n\n<details class=\"wp-block-details is-layout-flow wp-block-details-is-layout-flow\"><summary>Wie gestaltet sich der Kontakt zwischen Heimatschule und Klinikschule?<\/summary>\n<p>Sie als Heimatschule bekommen nach der Aufnahme von Sch\u00fcler:innen Ihrer Schule eine entsprechende Information von uns per Post. In diesem Zuge erfahren Sie, welche unserer <a href=\"https:\/\/klinikschule-rek.de\/index.php\/kollegium\/\" data-type=\"page\" data-id=\"2\">Lehrkr\u00e4fte<\/a> Ansprechperson f\u00fcr Sie w\u00e4hrend des Klinikaufenthalts sein wird. Diese Lehrkraft wird sich mit Ihnen in Verbindung setzen. Gerne k\u00f6nnen Sie die Bezugslehrkraft auch direkt schon per Mail kontaktieren. Aus Datenschutzgr\u00fcnden bitten wir Sie darum, den Namen des Sch\u00fclers\/der Sch\u00fclerin im Mailverkehr mit uns durch die Initialen zu anonymisieren.<\/p>\n<\/details>\n\n\n\n<details class=\"wp-block-details is-layout-flow wp-block-details-is-layout-flow\"><summary>Wie viele Unterrichtsstunden finden t\u00e4glich statt?<\/summary>\n<p>Im Vormittag bieten wir t\u00e4glich f\u00fcnf Unterrichtsstunden an. Aufgrund von Therapieterminen k\u00f6nnen unsere Sch\u00fcler:innen jedoch nicht alle Stunden wahrnehmen.<\/p>\n<\/details>\n\n\n\n<details class=\"wp-block-details is-layout-flow wp-block-details-is-layout-flow\"><summary>In welchen F\u00e4chern wird Unterricht erteilt?<\/summary>\n<p>Schwerpunktm\u00e4\u00dfig unterrichten wir die Hauptf\u00e4cher Mathematik, Deutsch und die Fremdsprachen. Erg\u00e4nzend erteilen wir Unterricht in gesellschafts- und naturwissenschaftlichen F\u00e4chern, Kunst und Sport. Wir orientieren uns individuell an den Inhalten der Heimatschulen, um bei der R\u00fcckkehr der Sch\u00fcler:innen einen m\u00f6glichst guten Wiedereinstieg zu erm\u00f6glichen. In den t\u00e4glichen Selbstlernzeiten arbeiten die Sch\u00fcler:innen an Materialien ihrer Heimatschulen, das Sie \u00fcber eine ggf. genutzte Lernplattfom oder per Mail \u00fcbermitteln.<\/p>\n\n\n\n<p>Dienstags nachmittags arbeiten wir mit einer Teilgruppe in AGs zu verschiedenen Themen.<\/p>\n<\/details>\n\n\n\n<details class=\"wp-block-details is-layout-flow wp-block-details-is-layout-flow\"><summary>Wie sieht es mit Klassenarbeiten, Klausuren und zentralen Pr\u00fcfungen aus?<\/summary>\n<p>Klassenarbeiten und Klausuren k\u00f6nnen nach R\u00fccksprache mit Ihnen als Heimatschule und unter Ber\u00fccksichtigung der individuellen Situation bei uns geschrieben werden.<br>In diesem Fall schicken Sie der betreffenden Bezugslehrkraft unserer Schule die entsprechende Leistungs\u00fcberpr\u00fcfung per Mail. Nachdem die Arbeit oder Klausur bei uns unter Pr\u00fcfungsbedingungen geschrieben wurde, schicken wir Ihnen das bearbeitete Material per Post.<\/p>\n<\/details>\n\n\n\n<details class=\"wp-block-details is-layout-flow wp-block-details-is-layout-flow\"><summary>Gibt die Klinikschule Noten?<\/summary>\n<p>Nein. Die Leistungsbewertung erfolgt weiterhin durch die Heimatschule.<\/p>\n<\/details>\n\n\n\n<details class=\"wp-block-details is-layout-flow wp-block-details-is-layout-flow\"><summary>Ferienregelung<\/summary>\n<p>Die Schulferien der Klinikschule im Rhein-Erft-Kreis richten sich nach der Ferienregelung des Bundeslandes NRW.<\/p>\n<\/details>\n\n\n\n<details class=\"wp-block-details is-layout-flow wp-block-details-is-layout-flow\"><summary>Schullaufbahn- und Perspektivberatung<\/summary>\n<p>In Absprache mit Ihnen als Heimatschule beraten wir gegebenenfalls \u00fcber die weitere Schullaufbahn.<\/p>\n\n\n\n<p>Wir bieten gegebenenfalls Unterst\u00fctzung bei einem Schulwechsel oder einer Perspektivplanung der Sch\u00fcler:innen an.<\/p>\n<\/details>\n<\/div>\n<\/div>\n<\/div>\n\n\n\n<p><\/p>\n<\/div>\n\n\n\n<div class=\"wp-block-group alignfull has-background has-global-padding is-layout-constrained wp-container-core-group-is-layout-d89aad35 wp-block-group-is-layout-constrained\" style=\"background-color:#ffe9eb;margin-top:0;margin-bottom:0;padding-top:var(--wp--preset--spacing--50);padding-right:var(--wp--preset--spacing--50);padding-bottom:var(--wp--preset--spacing--50);padding-left:var(--wp--preset--spacing--50)\">\n<div class=\"wp-block-group alignwide is-layout-flow wp-container-core-group-is-layout-ef0f7398 wp-block-group-is-layout-flow\">\n<h2 class=\"wp-block-heading alignfull\" id=\"infos_leitbild\">Unser Leitbild <\/h2>\n\n\n\n<div data-wp-interactive=\"core\/file\" class=\"wp-block-file\" style=\"border-style:none;border-width:0px;border-radius:0px;padding-top:0;padding-bottom:0\"><object data-wp-bind--hidden=\"!state.hasPdfPreview\" hidden class=\"wp-block-file__embed\" data=\"https:\/\/klinikschule-rek.de\/wp-content\/uploads\/2025\/11\/Leitbild-13.11.25-1.pdf\" type=\"application\/pdf\" style=\"width:100%;height:650px\" aria-label=\"Einbettung von Leitbild-13.11.25.\"><\/object><a id=\"wp-block-file--media-6169eb40-97de-4665-8af5-08017977e463\" href=\"https:\/\/klinikschule-rek.de\/wp-content\/uploads\/2025\/11\/Leitbild-13.11.25-1.pdf\">Leitbild-13.11.25<\/a><a href=\"https:\/\/klinikschule-rek.de\/wp-content\/uploads\/2025\/11\/Leitbild-13.11.25-1.pdf\" class=\"wp-block-file__button wp-element-button\" download aria-describedby=\"wp-block-file--media-6169eb40-97de-4665-8af5-08017977e463\">Herunterladen<\/a><\/div>\n<\/div>\n<\/div>\n\n\n\n<p><\/p>\n","protected":false},"excerpt":{"rendered":"<p>In unserer Schule werden Kinder und Jugendliche unterrichtet, die aufgrund ihres Klinikaufenthaltes f\u00fcr mindestens vier Wochen nicht am Unterricht ihrer Heimatschule teilnehmen k\u00f6nnen. Voraussetzung f\u00fcr die Aufnahme in die Klinikschule ist, dass die Sch\u00fclerin oder der Sch\u00fcler bis dahin in einem Schulverh\u00e4ltnis steht. Allgemeine Informationen und rechtliche Rahmenbedinungen zu Klinikschulen in NRW finden Sie dar\u00fcber [&hellip;]<\/p>\n","protected":false},"author":1,"featured_media":0,"parent":0,"menu_order":30,"comment_status":"closed","ping_status":"closed","template":"page-no-title","meta":{"footnotes":""},"class_list":["post-32","page","type-page","status-publish","hentry"],"_links":{"self":[{"href":"https:\/\/klinikschule-rek.de\/index.php\/wp-json\/wp\/v2\/pages\/32","targetHints":{"allow":["GET"]}}],"collection":[{"href":"https:\/\/klinikschule-rek.de\/index.php\/wp-json\/wp\/v2\/pages"}],"about":[{"href":"https:\/\/klinikschule-rek.de\/index.php\/wp-json\/wp\/v2\/types\/page"}],"author":[{"embeddable":true,"href":"https:\/\/klinikschule-rek.de\/index.php\/wp-json\/wp\/v2\/users\/1"}],"replies":[{"embeddable":true,"href":"https:\/\/klinikschule-rek.de\/index.php\/wp-json\/wp\/v2\/comments?post=32"}],"version-history":[{"count":68,"href":"https:\/\/klinikschule-rek.de\/index.php\/wp-json\/wp\/v2\/pages\/32\/revisions"}],"predecessor-version":[{"id":709,"href":"https:\/\/klinikschule-rek.de\/index.php\/wp-json\/wp\/v2\/pages\/32\/revisions\/709"}],"wp:attachment":[{"href":"https:\/\/klinikschule-rek.de\/index.php\/wp-json\/wp\/v2\/media?parent=32"}],"curies":[{"name":"wp","href":"https:\/\/api.w.org\/{rel}","templated":true}]}}