{"id":355,"date":"2025-05-13T15:50:12","date_gmt":"2025-05-13T15:50:12","guid":{"rendered":"https:\/\/klinikschule-rek.de\/?page_id=355"},"modified":"2025-11-18T11:35:34","modified_gmt":"2025-11-18T11:35:34","slug":"foerderverein","status":"publish","type":"page","link":"https:\/\/klinikschule-rek.de\/index.php\/foerderverein\/","title":{"rendered":"F\u00f6rderverein"},"content":{"rendered":"\n<p><strong>Hurra, wir haben einen eingetragenen&nbsp;F\u00f6rderverein!<\/strong><\/p>\n\n\n\n<p>Im Februar 2025 wurde unser neuer F\u00f6rderverein in einer Gr\u00fcndungssitzung feierlich ins Leben gerufen.&nbsp; Die&nbsp;Gr\u00fcndungsmitglieder haben die Satzung anerkannt und diese&nbsp;verabschiedet. In den Vorstand des Vereins wurden gew\u00e4hlt: Frau Weber-Weis und Frau Aarts&nbsp;als erste und zweite Vorsitzende sowie Frau Gl\u00f6ckner als Kassiererin.<\/p>\n\n\n\n<p>Wir freuen uns sehr, dass nach dem erforderlichen, wenn auch b\u00fcrokratisch langwierigen,&nbsp;Prozess der Satzungspr\u00fcfung unser Verein im Oktober&nbsp;als gemeinn\u00fctziger Verein anerkannt und in das K\u00f6lner Vereinsregister eingetragen wurde. Nun k\u00f6nnen wir in in wenigen Tagen mit der Spendenakquise beginnen. Als letzter Schritt fehlt nun nur noch das finale Go unserer Bank.<\/p>\n\n\n\n<p>In K\u00fcrze folgen hier weitere Informationen.<\/p>\n\n\n\n<p class=\"has-medium-font-size\">Unsere Vereinssatzung ist hier f\u00fcr Sie hinterlegt.<\/p>\n\n\n\n<p><strong>Satzung<\/strong><\/p>\n\n\n\n<div class=\"wp-block-file\"><a id=\"wp-block-file--media-d4384978-cb0f-4274-a8cf-ad1f50560fcd\" href=\"https:\/\/klinikschule-rek.de\/wp-content\/uploads\/2025\/11\/Satzung-des-Foerdervereins-der-KSREK-1.docx\">Satzung des Fo\u0308rdervereins der KSREK (1)<\/a><a href=\"https:\/\/klinikschule-rek.de\/wp-content\/uploads\/2025\/11\/Satzung-des-Foerdervereins-der-KSREK-1.docx\" class=\"wp-block-file__button wp-element-button\" download aria-describedby=\"wp-block-file--media-d4384978-cb0f-4274-a8cf-ad1f50560fcd\">Herunterladen<\/a><\/div>\n","protected":false},"excerpt":{"rendered":"<p>Hurra, wir haben einen eingetragenen&nbsp;F\u00f6rderverein! Im Februar 2025 wurde unser neuer F\u00f6rderverein in einer Gr\u00fcndungssitzung feierlich ins Leben gerufen.&nbsp; Die&nbsp;Gr\u00fcndungsmitglieder haben die Satzung anerkannt und diese&nbsp;verabschiedet. In den Vorstand des Vereins wurden gew\u00e4hlt: Frau Weber-Weis und Frau Aarts&nbsp;als erste und zweite Vorsitzende sowie Frau Gl\u00f6ckner als Kassiererin. Wir freuen uns sehr, dass nach dem erforderlichen, [&hellip;]<\/p>\n","protected":false},"author":1,"featured_media":0,"parent":0,"menu_order":60,"comment_status":"closed","ping_status":"closed","template":"","meta":{"footnotes":""},"class_list":["post-355","page","type-page","status-publish","hentry"],"_links":{"self":[{"href":"https:\/\/klinikschule-rek.de\/index.php\/wp-json\/wp\/v2\/pages\/355","targetHints":{"allow":["GET"]}}],"collection":[{"href":"https:\/\/klinikschule-rek.de\/index.php\/wp-json\/wp\/v2\/pages"}],"about":[{"href":"https:\/\/klinikschule-rek.de\/index.php\/wp-json\/wp\/v2\/types\/page"}],"author":[{"embeddable":true,"href":"https:\/\/klinikschule-rek.de\/index.php\/wp-json\/wp\/v2\/users\/1"}],"replies":[{"embeddable":true,"href":"https:\/\/klinikschule-rek.de\/index.php\/wp-json\/wp\/v2\/comments?post=355"}],"version-history":[{"count":20,"href":"https:\/\/klinikschule-rek.de\/index.php\/wp-json\/wp\/v2\/pages\/355\/revisions"}],"predecessor-version":[{"id":600,"href":"https:\/\/klinikschule-rek.de\/index.php\/wp-json\/wp\/v2\/pages\/355\/revisions\/600"}],"wp:attachment":[{"href":"https:\/\/klinikschule-rek.de\/index.php\/wp-json\/wp\/v2\/media?parent=355"}],"curies":[{"name":"wp","href":"https:\/\/api.w.org\/{rel}","templated":true}]}}