{"id":41,"date":"2025-03-03T11:48:24","date_gmt":"2025-03-03T11:48:24","guid":{"rendered":"https:\/\/klinikschule-rek.de\/?page_id=41"},"modified":"2026-03-26T21:37:46","modified_gmt":"2026-03-26T21:37:46","slug":"willkommen","status":"publish","type":"page","link":"https:\/\/klinikschule-rek.de\/","title":{"rendered":"Willkommen"},"content":{"rendered":"\n<div class=\"wp-block-group alignfull has-global-padding is-layout-constrained wp-container-core-group-is-layout-566af0e2 wp-block-group-is-layout-constrained\" style=\"padding-top:var(--wp--preset--spacing--40);padding-right:var(--wp--preset--spacing--50);padding-bottom:var(--wp--preset--spacing--40);padding-left:var(--wp--preset--spacing--50)\">\n<div class=\"wp-block-group has-global-padding is-layout-constrained wp-container-core-group-is-layout-650790e1 wp-block-group-is-layout-constrained\">\n<h1 class=\"wp-block-heading has-text-align-center has-x-large-font-size\">Herzlich Willkommen<\/h1>\n\n\n\n<div style=\"height:1.25rem\" aria-hidden=\"true\" class=\"wp-block-spacer\"><\/div>\n\n\n\n<p class=\"has-text-align-center has-medium-font-size\">Wir sind die Klinikschule im Rhein-Erft-Kreis. An den Standorten H\u00fcrth und Wesseling unterrichten wir die schulpflichtigen Patient*innen der Oberberg Fachklinik Konraderhof bzw. des Gezeiten Haus Schloss Eichholz.<\/p>\n<\/div>\n\n\n\n<div style=\"height:31px\" aria-hidden=\"true\" class=\"wp-block-spacer\"><\/div>\n\n\n\n<figure class=\"wp-block-image alignwide size-full is-style-rounded is-style-rounded--1\"><img loading=\"lazy\" decoding=\"async\" width=\"2000\" height=\"1333\" src=\"https:\/\/klinikschule-rek.de\/wp-content\/uploads\/2025\/07\/Kollgium_KlinikschuleREK_06_2025.jpg\" alt=\"Gruppenfoto des Kollegiums der Klinikschule im Rhein-Erft-Kreis\" class=\"wp-image-498\" srcset=\"https:\/\/klinikschule-rek.de\/wp-content\/uploads\/2025\/07\/Kollgium_KlinikschuleREK_06_2025.jpg 2000w, https:\/\/klinikschule-rek.de\/wp-content\/uploads\/2025\/07\/Kollgium_KlinikschuleREK_06_2025-300x200.jpg 300w, https:\/\/klinikschule-rek.de\/wp-content\/uploads\/2025\/07\/Kollgium_KlinikschuleREK_06_2025-1024x682.jpg 1024w, https:\/\/klinikschule-rek.de\/wp-content\/uploads\/2025\/07\/Kollgium_KlinikschuleREK_06_2025-768x512.jpg 768w, https:\/\/klinikschule-rek.de\/wp-content\/uploads\/2025\/07\/Kollgium_KlinikschuleREK_06_2025-1536x1024.jpg 1536w\" sizes=\"auto, (max-width: 2000px) 100vw, 2000px\" \/><\/figure>\n<\/div>\n\n\n\n<div class=\"wp-block-query alignfull is-layout-flow wp-block-query-is-layout-flow\">\n<h2 class=\"wp-block-heading has-text-align-center is-style-default has-text-color has-background has-link-color has-heading-font-family wp-elements-70c689154c5346e1484980d10eb5d0e4\" id=\"aktuelles_schulleben\" style=\"border-style:none;border-width:0px;border-radius:0px;color:#333333;background-color:#a2aace\">Aktuelles aus dem Schulleben<\/h2>\n\n\n\n<div class=\"wp-block-group has-background is-layout-flow wp-container-core-group-is-layout-ee5b59db wp-block-group-is-layout-flow\" style=\"border-style:none;border-width:0px;background-color:#a2aace;min-height:0px;margin-top:0;margin-bottom:0;padding-top:0;padding-right:var(--wp--preset--spacing--60);padding-bottom:0;padding-left:var(--wp--preset--spacing--60)\"><ul class=\"columns-3 alignfull wp-block-post-template is-layout-grid wp-container-core-post-template-is-layout-10753265 wp-block-post-template-is-layout-grid\"><li class=\"wp-block-post post-737 post type-post status-publish format-standard has-post-thumbnail hentry category-uncategorized\">\n\n<div class=\"wp-block-group is-vertical is-nowrap is-layout-flex wp-container-core-group-is-layout-97ba36a5 wp-block-group-is-layout-flex\" style=\"margin-top:var(--wp--preset--spacing--20);padding-top:0\"><h2 class=\"wp-block-post-title has-large-font-size wp-container-content-32e3a40d\"><a href=\"https:\/\/klinikschule-rek.de\/index.php\/wir-wuensche-allen-schoene-osterferien\/\" target=\"_self\" >Wir w\u00fcnschen allen sch\u00f6ne Ostertage<\/a><\/h2>\n\n<div class=\"wp-block-post-excerpt has-text-color has-contrast-2-color has-small-font-size wp-container-content-32e3a40d\"><p class=\"wp-block-post-excerpt__excerpt\">In unseren Lerngruppen in H\u00fcrth und Wesseling waren alle Sch\u00fcler:innen im Bastelfieber. <\/p><\/div>\n\n\n<div style=\"height:0px\" aria-hidden=\"true\" class=\"wp-block-spacer wp-container-content-32e3a40d\"><\/div>\n<\/div>\n\n\n\n<\/li><li class=\"wp-block-post post-719 post type-post status-publish format-standard has-post-thumbnail hentry category-uncategorized\">\n\n<div class=\"wp-block-group is-vertical is-nowrap is-layout-flex wp-container-core-group-is-layout-97ba36a5 wp-block-group-is-layout-flex\" style=\"margin-top:var(--wp--preset--spacing--20);padding-top:0\"><h2 class=\"wp-block-post-title has-large-font-size wp-container-content-32e3a40d\"><a href=\"https:\/\/klinikschule-rek.de\/index.php\/klinikschule-alaaf-2026\/\" target=\"_self\" >Klinikschule  Alaaf 2026<\/a><\/h2>\n\n<div class=\"wp-block-post-excerpt has-text-color has-contrast-2-color has-small-font-size wp-container-content-32e3a40d\"><p class=\"wp-block-post-excerpt__excerpt\">Karneval geht auch in der Klinikschule. Mit der traditionellen Karnevalsparty inklusive Kost\u00fcmwettbewerb in Wesseling und den Weiberfastnachts &#8211; Klassenpartys in H\u00fcrth mit Snacks, Spielen und Schminkstation starteten wir in den Karneval. Aus einer Idee unserer Sch\u00fclerinnen und Sch\u00fcler w\u00e4hrend des&hellip; <\/p><\/div>\n\n\n<div style=\"height:0px\" aria-hidden=\"true\" class=\"wp-block-spacer wp-container-content-32e3a40d\"><\/div>\n<\/div>\n\n\n\n<\/li><li class=\"wp-block-post post-689 post type-post status-publish format-standard has-post-thumbnail hentry category-huerth category-uncategorized\">\n\n<div class=\"wp-block-group is-vertical is-nowrap is-layout-flex wp-container-core-group-is-layout-97ba36a5 wp-block-group-is-layout-flex\" style=\"margin-top:var(--wp--preset--spacing--20);padding-top:0\"><h2 class=\"wp-block-post-title has-large-font-size wp-container-content-32e3a40d\"><a href=\"https:\/\/klinikschule-rek.de\/index.php\/finale-in-koeln\/\" target=\"_self\" >Finale in K\u00f6ln<\/a><\/h2>\n\n<div class=\"wp-block-post-excerpt has-text-color has-contrast-2-color has-small-font-size wp-container-content-32e3a40d\"><p class=\"wp-block-post-excerpt__excerpt\">Am Dienstag den 2.12.2025 sind wir, die Drachenklasse, mit 7 Sch\u00fclern bei der Finalrunde des Webbewerb der K\u00f6lner Rundschau im Mediaparrk in K\u00f6ln angetreten. Dort angekommen wurden wir mit Buffet begr\u00fc\u00dft und anschlie\u00dfend wurde der Ablauf der Finalrunde von einem&hellip; <\/p><\/div>\n\n\n<div style=\"height:0px\" aria-hidden=\"true\" class=\"wp-block-spacer wp-container-content-32e3a40d\"><\/div>\n<\/div>\n\n\n\n<\/li><li class=\"wp-block-post post-632 post type-post status-publish format-standard has-post-thumbnail hentry category-huerth category-uncategorized\">\n\n<div class=\"wp-block-group is-vertical is-nowrap is-layout-flex wp-container-core-group-is-layout-97ba36a5 wp-block-group-is-layout-flex\" style=\"margin-top:var(--wp--preset--spacing--20);padding-top:0\"><h2 class=\"wp-block-post-title has-large-font-size wp-container-content-32e3a40d\"><a href=\"https:\/\/klinikschule-rek.de\/index.php\/vorlesetag-am-21-november\/\" target=\"_self\" >Vorlesetag am 21. November<\/a><\/h2>\n\n<div class=\"wp-block-post-excerpt has-text-color has-contrast-2-color has-small-font-size wp-container-content-32e3a40d\"><p class=\"wp-block-post-excerpt__excerpt\">Unsere Lerngruppen engagierten sich am heutigen bundesweiten Vorlesetag und gestalteten verschiedene Vorleseaktionen in ihren Klassenr\u00e4umen. In den Lerngruppe I und II wurden Lieblingsb\u00fccher vorgestellt, Leserollen pr\u00e4sentiert und es wurde vor allen Dingen vorgelesen. Alle genossen die gem\u00fctliche Stimmung beim Zuh\u00f6ren&hellip; <\/p><\/div>\n\n\n<div style=\"height:0px\" aria-hidden=\"true\" class=\"wp-block-spacer wp-container-content-32e3a40d\"><\/div>\n<\/div>\n\n\n\n<\/li><li class=\"wp-block-post post-624 post type-post status-publish format-standard has-post-thumbnail hentry category-huerth category-uncategorized\">\n\n<div class=\"wp-block-group is-vertical is-nowrap is-layout-flex wp-container-core-group-is-layout-97ba36a5 wp-block-group-is-layout-flex\" style=\"margin-top:var(--wp--preset--spacing--20);padding-top:0\"><h2 class=\"wp-block-post-title has-large-font-size wp-container-content-32e3a40d\"><a href=\"https:\/\/klinikschule-rek.de\/index.php\/regionalmeister-beim-rundschau-webbewerb-finaaaaale\/\" target=\"_self\" >Regionalmeister beim Rundschau Webbewerb \u2013 FINAAAAALE!<\/a><\/h2>\n\n<div class=\"wp-block-post-excerpt has-text-color has-contrast-2-color has-small-font-size wp-container-content-32e3a40d\"><p class=\"wp-block-post-excerpt__excerpt\">Die Drachenklasse der Klinikschule setzte sich in 3 Runden gegen ca. 80 weitere Schulen durch und erreichte den 2. Platz als Regionalmeister !!! Nun geht es am 2.12.25 ins Finale nach K\u00f6ln, um sich vor Ort mit den anderen 7&hellip; <\/p><\/div>\n\n\n<div style=\"height:0px\" aria-hidden=\"true\" class=\"wp-block-spacer wp-container-content-32e3a40d\"><\/div>\n<\/div>\n\n\n\n<\/li><li class=\"wp-block-post post-621 post type-post status-publish format-standard has-post-thumbnail hentry category-ausfluege category-huerth\">\n\n<div class=\"wp-block-group is-vertical is-nowrap is-layout-flex wp-container-core-group-is-layout-97ba36a5 wp-block-group-is-layout-flex\" style=\"margin-top:var(--wp--preset--spacing--20);padding-top:0\"><h2 class=\"wp-block-post-title has-large-font-size wp-container-content-32e3a40d\"><a href=\"https:\/\/klinikschule-rek.de\/index.php\/ausflug-der-oberstufenschuelerinnen-zum-geographischen-institut-der-universitaet-zu-koeln\/\" target=\"_self\" >Ausflug der Oberstufensch\u00fcler:innen zum geographischen Institut der Universit\u00e4t zu K\u00f6ln<\/a><\/h2>\n\n<div class=\"wp-block-post-excerpt has-text-color has-contrast-2-color has-small-font-size wp-container-content-32e3a40d\"><p class=\"wp-block-post-excerpt__excerpt\">Die Drachenklasse (Oberstufe) des H\u00fcrther-Standortes der Klinikschule im Rhein-Erft-Kreis fuhr mit der Bahn am 14.11.2025 zum Tag der offenen T\u00fcr des geographischen Institutes der Universit\u00e4t zu K\u00f6ln. Nachdem wir den Uni-Campus besichtigt haben und einen Halt beim Caf\u00e9 der Uni-Mensa&hellip; <\/p><\/div>\n\n\n<div style=\"height:0px\" aria-hidden=\"true\" class=\"wp-block-spacer wp-container-content-32e3a40d\"><\/div>\n<\/div>\n\n\n\n<\/li><\/ul>\n\n\n<div style=\"margin-top:0;margin-bottom:0;height:var(--wp--preset--spacing--40)\" aria-hidden=\"true\" class=\"wp-block-spacer\"><\/div>\n\n\n<nav class=\"wp-block-query-pagination is-content-justification-space-between is-layout-flex wp-container-core-query-pagination-is-layout-b2891da8 wp-block-query-pagination-is-layout-flex\" aria-label=\"Seitennummerierung\">\n\n\n<a href=\"\/index.php\/wp-json\/wp\/v2\/pages\/41?query-46-page=2\" class=\"wp-block-query-pagination-next\">N\u00e4chste Seite<span class='wp-block-query-pagination-next-arrow is-arrow-arrow' aria-hidden='true'>\u2192<\/span><\/a>\n<\/nav><\/div>\n<\/div>\n","protected":false},"excerpt":{"rendered":"<p>Herzlich Willkommen Wir sind die Klinikschule im Rhein-Erft-Kreis. An den Standorten H\u00fcrth und Wesseling unterrichten wir die schulpflichtigen Patient*innen der Oberberg Fachklinik Konraderhof bzw. des Gezeiten Haus Schloss Eichholz.<\/p>\n","protected":false},"author":1,"featured_media":0,"parent":0,"menu_order":0,"comment_status":"closed","ping_status":"closed","template":"page-no-title","meta":{"footnotes":""},"class_list":["post-41","page","type-page","status-publish","hentry"],"_links":{"self":[{"href":"https:\/\/klinikschule-rek.de\/index.php\/wp-json\/wp\/v2\/pages\/41","targetHints":{"allow":["GET"]}}],"collection":[{"href":"https:\/\/klinikschule-rek.de\/index.php\/wp-json\/wp\/v2\/pages"}],"about":[{"href":"https:\/\/klinikschule-rek.de\/index.php\/wp-json\/wp\/v2\/types\/page"}],"author":[{"embeddable":true,"href":"https:\/\/klinikschule-rek.de\/index.php\/wp-json\/wp\/v2\/users\/1"}],"replies":[{"embeddable":true,"href":"https:\/\/klinikschule-rek.de\/index.php\/wp-json\/wp\/v2\/comments?post=41"}],"version-history":[{"count":62,"href":"https:\/\/klinikschule-rek.de\/index.php\/wp-json\/wp\/v2\/pages\/41\/revisions"}],"predecessor-version":[{"id":749,"href":"https:\/\/klinikschule-rek.de\/index.php\/wp-json\/wp\/v2\/pages\/41\/revisions\/749"}],"wp:attachment":[{"href":"https:\/\/klinikschule-rek.de\/index.php\/wp-json\/wp\/v2\/media?parent=41"}],"curies":[{"name":"wp","href":"https:\/\/api.w.org\/{rel}","templated":true}]}}